{"id":820,"date":"2018-09-26T16:15:37","date_gmt":"2018-09-26T14:15:37","guid":{"rendered":"http:\/\/gtl-landschaftsarchitektur.de\/2018\/?page_id=820"},"modified":"2025-02-19T12:52:39","modified_gmt":"2025-02-19T11:52:39","slug":"imprint","status":"publish","type":"page","link":"https:\/\/gtl-landschaftsarchitektur.de\/en\/imprint\/","title":{"rendered":"Imprint"},"content":{"rendered":"<div class=\"wpb-content-wrapper\"><p>[vc_row row_height_percent=&#8221;50&#8243; override_padding=&#8221;yes&#8221; h_padding=&#8221;0&#8243; top_padding=&#8221;0&#8243; bottom_padding=&#8221;0&#8243; back_image=&#8221;877&#8243; back_position=&#8221;center top&#8221; overlay_alpha=&#8221;50&#8243; gutter_size=&#8221;3&#8243; column_width_percent=&#8221;100&#8243; shift_y=&#8221;0&#8243; z_index=&#8221;0&#8243; row_height_pixel=&#8221;320px&#8221;][vc_column column_width_percent=&#8221;100&#8243; position_vertical=&#8221;bottom&#8221; gutter_size=&#8221;3&#8243; overlay_alpha=&#8221;50&#8243; shift_x=&#8221;0&#8243; shift_y=&#8221;0&#8243; shift_y_down=&#8221;0&#8243; z_index=&#8221;0&#8243; medium_width=&#8221;0&#8243; mobile_width=&#8221;0&#8243; width=&#8221;1\/1&#8243;][vc_column_text]<\/p>\n<h1 class=\"whity\">Impressum<\/h1>\n<p>[\/vc_column_text][\/vc_column][\/vc_row][vc_row row_height_percent=&#8221;0&#8243; override_padding=&#8221;yes&#8221; h_padding=&#8221;0&#8243; top_padding=&#8221;2&#8243; bottom_padding=&#8221;2&#8243; overlay_alpha=&#8221;50&#8243; equal_height=&#8221;yes&#8221; gutter_size=&#8221;3&#8243; column_width_percent=&#8221;100&#8243; shift_y=&#8221;0&#8243; z_index=&#8221;0&#8243; medium_visibility=&#8221;yes&#8221; mobile_visibility=&#8221;yes&#8221;][vc_column column_width_percent=&#8221;100&#8243; gutter_size=&#8221;3&#8243; back_color=&#8221;color-lxmt&#8221; overlay_alpha=&#8221;50&#8243; shift_x=&#8221;0&#8243; shift_y=&#8221;0&#8243; shift_y_down=&#8221;0&#8243; z_index=&#8221;0&#8243; medium_width=&#8221;0&#8243; mobile_width=&#8221;0&#8243; width=&#8221;1\/3&#8243;][vc_column_text uncode_shortcode_id=&#8221;438260&#8243;]<strong>GTL Landschaftsarchitektur Triebswetter, Mauer, Bruns Partner mbB<\/strong><\/p>\n<p>PR 3044 Amtsgericht Frankfurt am Main<\/p>\n<p><strong>Verantwortlicher Diensteanbieter<br \/>\n<\/strong>nach \u00a75 Telemediengesetz<\/p>\n<p>Treppenstra\u00dfe 2<br \/>\nD &#8211; 34117 Kassel<\/p>\n<p>Tel.: +49 561 &#8211; 78946 -0<br \/>\nFax: +49 561 &#8211; 78946 -11<\/p>\n<p>Email: <a href=\"mailto:kontakt@gtl-kassel.de\">kontakt@gtl-kassel.de<\/a>[\/vc_column_text][\/vc_column][vc_column column_width_percent=&#8221;100&#8243; gutter_size=&#8221;3&#8243; back_color=&#8221;color-lxmt&#8221; overlay_alpha=&#8221;50&#8243; shift_x=&#8221;0&#8243; shift_y=&#8221;0&#8243; shift_y_down=&#8221;0&#8243; z_index=&#8221;0&#8243; medium_width=&#8221;0&#8243; mobile_width=&#8221;0&#8243; width=&#8221;1\/3&#8243;][vc_column_text uncode_shortcode_id=&#8221;454889&#8243;]<strong>Umsatzsteuer-Identifikationsnummer:<\/strong><br \/>\nDE362780832<\/p>\n<p><strong>Berufshaftpflichversicherung:<\/strong><br \/>\nVHV Vereinte Haftpflichversicherung<br \/>\nConstantinstr. 40<br \/>\n30177 Hannover<\/p>\n<p><strong>Berufsrechtliche Regelungen Deutschland<\/strong><\/p>\n<p><strong>Berufsordnung:<\/strong><br \/>\nSatzung der Architekten- und Stadtplanerkammer<br \/>\nwww.akh.de<br \/>\nwww.akhh.de<br \/>\nwww.aknw.de<\/p>\n<p>Honorarordnung f\u00fcr Architekten und Ingenieure<br \/>\nwww.hoai.de<\/p>\n<p>Hessisches Architekten- und Stadtplanergesetz<br \/>\nwww.hessenrecht.hessen.de[\/vc_column_text][\/vc_column][vc_column column_width_percent=&#8221;100&#8243; gutter_size=&#8221;3&#8243; back_color=&#8221;color-lxmt&#8221; overlay_alpha=&#8221;50&#8243; shift_x=&#8221;0&#8243; shift_y=&#8221;0&#8243; shift_y_down=&#8221;0&#8243; z_index=&#8221;0&#8243; medium_width=&#8221;0&#8243; mobile_width=&#8221;0&#8243; width=&#8221;1\/3&#8243;][vc_column_text uncode_shortcode_id=&#8221;206167&#8243;]<strong>Gesellschafter\/Gesellschafterin:<\/strong><\/p>\n<p><strong>Michael Triebswetter<\/strong><br \/>\nHessische Architektenkammer Nr. 13112<br \/>\nHamburgische Architektenkammer Nr. AL10871<br \/>\nArchitektenkammer Nordrhein-Westfalen Nr. 42715<\/p>\n<p><strong>Katrin Mauer<\/strong><br \/>\nHamburgische Architektenkammer Nr. AL7952<br \/>\nHessische Architektenkammer Nr. 22969<br \/>\nArchitektenkammer Nordrhein-Westfalen Nr. 42714<\/p>\n<p><strong>Sonja Bruns<\/strong><br \/>\nHamburgische Architektenkammer Nr. AL10610<br \/>\nHessische Architektenkammer Nr. 22960<br \/>\nArchitektenkammer Nordrhein-Westfalen Nr. 42713[\/vc_column_text][\/vc_column][\/vc_row][vc_row row_height_percent=&#8221;0&#8243; override_padding=&#8221;yes&#8221; h_padding=&#8221;0&#8243; top_padding=&#8221;2&#8243; bottom_padding=&#8221;2&#8243; overlay_alpha=&#8221;50&#8243; equal_height=&#8221;yes&#8221; gutter_size=&#8221;3&#8243; column_width_percent=&#8221;100&#8243; shift_y=&#8221;0&#8243; z_index=&#8221;0&#8243; desktop_visibility=&#8221;yes&#8221;][vc_column column_width_percent=&#8221;100&#8243; gutter_size=&#8221;2&#8243; back_color=&#8221;color-lxmt&#8221; overlay_alpha=&#8221;50&#8243; shift_x=&#8221;0&#8243; shift_y=&#8221;0&#8243; shift_y_down=&#8221;0&#8243; z_index=&#8221;0&#8243; medium_width=&#8221;0&#8243; mobile_width=&#8221;0&#8243; width=&#8221;1\/1&#8243;][vc_column_text uncode_shortcode_id=&#8221;137764&#8243;]<strong>GTL Landschaftsarchitektur Triebswetter, Mauer, Bruns mbB<\/strong><\/p>\n<p>PR 3044 Amtsgericht Frankfurt am Main<\/p>\n<p><strong>Verantwortlicher Diensteanbieter<br \/>\n<\/strong>nach \u00a75 Telemediengesetz<\/p>\n<p>&nbsp;<\/p>\n<p>Treppenstra\u00dfe 2<br \/>\nD &#8211; 34117 Kassel<\/p>\n<p>Tel.: +49 561 &#8211; 78946 -0<br \/>\nFax: +49 561 &#8211; 78946 -11<\/p>\n<p>Email: <a href=\"mailto:&amp;#107;&amp;#111;&amp;#110;&amp;#116;&amp;#097;&amp;#107;&amp;#116;&amp;#064;&amp;#103;&amp;#116;&amp;#108;&amp;#045;&amp;#107;&amp;#097;&amp;#115;&amp;#115;&amp;#101;&amp;#108;&amp;#046;&amp;#100;&amp;#101;\">kontakt@gtl-kassel.de<\/a>[\/vc_column_text][vc_column_text uncode_shortcode_id=&#8221;137103&#8243;]<strong>Umsatzsteuer-Identifikationsnummer:<\/strong><br \/>\nDE362780832<\/p>\n<p><strong>Berufshaftpflichversicherung:<\/strong><br \/>\nVHV Vereinte Haftpflichversicherung<br \/>\nConstantinstr. 40<br \/>\n30177 Hannover<\/p>\n<p><strong>Berufsrechtliche Regelungen Deutschland<\/strong><\/p>\n<p><strong>Berufsordnung:<\/strong><br \/>\nSatzung der Architekten- und Stadtplanerkammer<br \/>\nwww.akh.de<br \/>\nwww.akhh.de<br \/>\nwww.aknw.de<\/p>\n<p>Honorarordnung f\u00fcr Architekten und Ingenieure<br \/>\nwww.hoai.de<\/p>\n<p>Hessisches Architekten- und Stadtplanergesetz<br \/>\nwww.hessenrecht.hessen.de[\/vc_column_text][vc_column_text uncode_shortcode_id=&#8221;308506&#8243;]<strong>Gesellschafter\/Gesellschafterin:<\/strong><\/p>\n<p><strong>Michael Triebswetter<\/strong><br \/>\nHessische Architektenkammer Nr. 13112<br \/>\nHamburgische Architektenkammer Nr. AL10871<br \/>\nArchitektenkammer Nordrhein-Westfalen Nr. 42715<\/p>\n<p><strong>Katrin Mauer<\/strong><br \/>\nHamburgische Architektenkammer Nr. AL7952<br \/>\nHessische Architektenkammer Nr. 22969<br \/>\nArchitektenkammer Nordrhein-Westfalen Nr. 42714<\/p>\n<p><strong>Sonja Bruns<\/strong><br \/>\nHamburgische Architektenkammer Nr. AL10610<br \/>\nHessische Architektenkammer Nr. 22960<br \/>\nArchitektenkammer Nordrhein-Westfalen Nr. 42713[\/vc_column_text][\/vc_column][\/vc_row]<\/p>\n<\/div>","protected":false},"excerpt":{"rendered":"<p>[vc_row row_height_percent=&#8221;50&#8243; override_padding=&#8221;yes&#8221; h_padding=&#8221;0&#8243; top_padding=&#8221;0&#8243; bottom_padding=&#8221;0&#8243; back_image=&#8221;877&#8243; back_position=&#8221;center top&#8221; overlay_alpha=&#8221;50&#8243; gutter_size=&#8221;3&#8243; column_width_percent=&#8221;100&#8243; shift_y=&#8221;0&#8243; z_index=&#8221;0&#8243; row_height_pixel=&#8221;320px&#8221;][vc_column column_width_percent=&#8221;100&#8243; position_vertical=&#8221;bottom&#8221; gutter_size=&#8221;3&#8243; overlay_alpha=&#8221;50&#8243; shift_x=&#8221;0&#8243; [&hellip;]<\/p>\n","protected":false},"author":1,"featured_media":0,"parent":0,"menu_order":0,"comment_status":"closed","ping_status":"closed","template":"","meta":{"footnotes":""},"class_list":["post-820","page","type-page","status-publish","hentry"],"yoast_head":"<!-- This site is optimized with the Yoast SEO plugin v27.3 - https:\/\/yoast.com\/product\/yoast-seo-wordpress\/ -->\n<title>Imprint - GTL Landschaftsarchitektur Triebswetter, Mauer, Bruns Partner mbB<\/title>\n<meta name=\"robots\" content=\"index, follow, max-snippet:-1, max-image-preview:large, max-video-preview:-1\" \/>\n<link rel=\"canonical\" href=\"https:\/\/gtl-landschaftsarchitektur.de\/en\/imprint\/\" \/>\n<meta property=\"og:locale\" content=\"en_US\" \/>\n<meta property=\"og:type\" content=\"article\" \/>\n<meta property=\"og:title\" content=\"Imprint - GTL Landschaftsarchitektur Triebswetter, Mauer, Bruns Partner mbB\" \/>\n<meta property=\"og:description\" content=\"[vc_row row_height_percent=&#8221;50&#8243; override_padding=&#8221;yes&#8221; h_padding=&#8221;0&#8243; top_padding=&#8221;0&#8243; bottom_padding=&#8221;0&#8243; back_image=&#8221;877&#8243; back_position=&#8221;center top&#8221; overlay_alpha=&#8221;50&#8243; gutter_size=&#8221;3&#8243; column_width_percent=&#8221;100&#8243; shift_y=&#8221;0&#8243; z_index=&#8221;0&#8243; row_height_pixel=&#8221;320px&#8221;][vc_column column_width_percent=&#8221;100&#8243; position_vertical=&#8221;bottom&#8221; gutter_size=&#8221;3&#8243; overlay_alpha=&#8221;50&#8243; shift_x=&#8221;0&#8243; [&hellip;]\" \/>\n<meta property=\"og:url\" content=\"https:\/\/gtl-landschaftsarchitektur.de\/en\/imprint\/\" \/>\n<meta property=\"og:site_name\" content=\"GTL Landschaftsarchitektur Triebswetter, Mauer, Bruns Partner mbB\" \/>\n<meta property=\"article:modified_time\" content=\"2025-02-19T11:52:39+00:00\" \/>\n<meta name=\"twitter:card\" content=\"summary_large_image\" \/>\n<meta name=\"twitter:label1\" content=\"Est. reading time\" \/>\n\t<meta name=\"twitter:data1\" content=\"2 minutes\" \/>\n<script type=\"application\/ld+json\" class=\"yoast-schema-graph\">{\"@context\":\"https:\\\/\\\/schema.org\",\"@graph\":[{\"@type\":\"WebPage\",\"@id\":\"https:\\\/\\\/gtl-landschaftsarchitektur.de\\\/en\\\/imprint\\\/\",\"url\":\"https:\\\/\\\/gtl-landschaftsarchitektur.de\\\/en\\\/imprint\\\/\",\"name\":\"Imprint - GTL Landschaftsarchitektur Triebswetter, Mauer, Bruns Partner mbB\",\"isPartOf\":{\"@id\":\"https:\\\/\\\/gtl-landschaftsarchitektur.de\\\/#website\"},\"datePublished\":\"2018-09-26T14:15:37+00:00\",\"dateModified\":\"2025-02-19T11:52:39+00:00\",\"breadcrumb\":{\"@id\":\"https:\\\/\\\/gtl-landschaftsarchitektur.de\\\/en\\\/imprint\\\/#breadcrumb\"},\"inLanguage\":\"en-US\",\"potentialAction\":[{\"@type\":\"ReadAction\",\"target\":[\"https:\\\/\\\/gtl-landschaftsarchitektur.de\\\/en\\\/imprint\\\/\"]}]},{\"@type\":\"BreadcrumbList\",\"@id\":\"https:\\\/\\\/gtl-landschaftsarchitektur.de\\\/en\\\/imprint\\\/#breadcrumb\",\"itemListElement\":[{\"@type\":\"ListItem\",\"position\":1,\"name\":\"Startseite\",\"item\":\"https:\\\/\\\/gtl-landschaftsarchitektur.de\\\/en\\\/\"},{\"@type\":\"ListItem\",\"position\":2,\"name\":\"Imprint\"}]},{\"@type\":\"WebSite\",\"@id\":\"https:\\\/\\\/gtl-landschaftsarchitektur.de\\\/#website\",\"url\":\"https:\\\/\\\/gtl-landschaftsarchitektur.de\\\/\",\"name\":\"GTL-Michael Triebswetter\",\"description\":\"St\u00e4dtebauliche Planung, repr\u00e4sentative Au\u00dfenanlagen an Verwaltungsbauten, Wohnumfeldverbesserung in Gro\u00dfsiedlungen, Gestaltung von innerst\u00e4dtischen Projekten\",\"publisher\":{\"@id\":\"https:\\\/\\\/gtl-landschaftsarchitektur.de\\\/#organization\"},\"potentialAction\":[{\"@type\":\"SearchAction\",\"target\":{\"@type\":\"EntryPoint\",\"urlTemplate\":\"https:\\\/\\\/gtl-landschaftsarchitektur.de\\\/?s={search_term_string}\"},\"query-input\":{\"@type\":\"PropertyValueSpecification\",\"valueRequired\":true,\"valueName\":\"search_term_string\"}}],\"inLanguage\":\"en-US\"},{\"@type\":\"Organization\",\"@id\":\"https:\\\/\\\/gtl-landschaftsarchitektur.de\\\/#organization\",\"name\":\"Gtl Landschaftsarchitektur\",\"url\":\"https:\\\/\\\/gtl-landschaftsarchitektur.de\\\/\",\"logo\":{\"@type\":\"ImageObject\",\"inLanguage\":\"en-US\",\"@id\":\"https:\\\/\\\/gtl-landschaftsarchitektur.de\\\/#\\\/schema\\\/logo\\\/image\\\/\",\"url\":\"https:\\\/\\\/gtl-landschaftsarchitektur.de\\\/wp-content\\\/uploads\\\/2017\\\/09\\\/logo-gtl.png\",\"contentUrl\":\"https:\\\/\\\/gtl-landschaftsarchitektur.de\\\/wp-content\\\/uploads\\\/2017\\\/09\\\/logo-gtl.png\",\"width\":185,\"height\":119,\"caption\":\"Gtl Landschaftsarchitektur\"},\"image\":{\"@id\":\"https:\\\/\\\/gtl-landschaftsarchitektur.de\\\/#\\\/schema\\\/logo\\\/image\\\/\"}}]}<\/script>\n<!-- \/ Yoast SEO plugin. -->","yoast_head_json":{"title":"Imprint - GTL Landschaftsarchitektur Triebswetter, Mauer, Bruns Partner mbB","robots":{"index":"index","follow":"follow","max-snippet":"max-snippet:-1","max-image-preview":"max-image-preview:large","max-video-preview":"max-video-preview:-1"},"canonical":"https:\/\/gtl-landschaftsarchitektur.de\/en\/imprint\/","og_locale":"en_US","og_type":"article","og_title":"Imprint - GTL Landschaftsarchitektur Triebswetter, Mauer, Bruns Partner mbB","og_description":"[vc_row row_height_percent=&#8221;50&#8243; override_padding=&#8221;yes&#8221; h_padding=&#8221;0&#8243; top_padding=&#8221;0&#8243; bottom_padding=&#8221;0&#8243; back_image=&#8221;877&#8243; back_position=&#8221;center top&#8221; overlay_alpha=&#8221;50&#8243; gutter_size=&#8221;3&#8243; column_width_percent=&#8221;100&#8243; shift_y=&#8221;0&#8243; z_index=&#8221;0&#8243; row_height_pixel=&#8221;320px&#8221;][vc_column column_width_percent=&#8221;100&#8243; position_vertical=&#8221;bottom&#8221; gutter_size=&#8221;3&#8243; overlay_alpha=&#8221;50&#8243; shift_x=&#8221;0&#8243; [&hellip;]","og_url":"https:\/\/gtl-landschaftsarchitektur.de\/en\/imprint\/","og_site_name":"GTL Landschaftsarchitektur Triebswetter, Mauer, Bruns Partner mbB","article_modified_time":"2025-02-19T11:52:39+00:00","twitter_card":"summary_large_image","twitter_misc":{"Est. reading time":"2 minutes"},"schema":{"@context":"https:\/\/schema.org","@graph":[{"@type":"WebPage","@id":"https:\/\/gtl-landschaftsarchitektur.de\/en\/imprint\/","url":"https:\/\/gtl-landschaftsarchitektur.de\/en\/imprint\/","name":"Imprint - GTL Landschaftsarchitektur Triebswetter, Mauer, Bruns Partner mbB","isPartOf":{"@id":"https:\/\/gtl-landschaftsarchitektur.de\/#website"},"datePublished":"2018-09-26T14:15:37+00:00","dateModified":"2025-02-19T11:52:39+00:00","breadcrumb":{"@id":"https:\/\/gtl-landschaftsarchitektur.de\/en\/imprint\/#breadcrumb"},"inLanguage":"en-US","potentialAction":[{"@type":"ReadAction","target":["https:\/\/gtl-landschaftsarchitektur.de\/en\/imprint\/"]}]},{"@type":"BreadcrumbList","@id":"https:\/\/gtl-landschaftsarchitektur.de\/en\/imprint\/#breadcrumb","itemListElement":[{"@type":"ListItem","position":1,"name":"Startseite","item":"https:\/\/gtl-landschaftsarchitektur.de\/en\/"},{"@type":"ListItem","position":2,"name":"Imprint"}]},{"@type":"WebSite","@id":"https:\/\/gtl-landschaftsarchitektur.de\/#website","url":"https:\/\/gtl-landschaftsarchitektur.de\/","name":"GTL-Michael Triebswetter","description":"St\u00e4dtebauliche Planung, repr\u00e4sentative Au\u00dfenanlagen an Verwaltungsbauten, Wohnumfeldverbesserung in Gro\u00dfsiedlungen, Gestaltung von innerst\u00e4dtischen Projekten","publisher":{"@id":"https:\/\/gtl-landschaftsarchitektur.de\/#organization"},"potentialAction":[{"@type":"SearchAction","target":{"@type":"EntryPoint","urlTemplate":"https:\/\/gtl-landschaftsarchitektur.de\/?s={search_term_string}"},"query-input":{"@type":"PropertyValueSpecification","valueRequired":true,"valueName":"search_term_string"}}],"inLanguage":"en-US"},{"@type":"Organization","@id":"https:\/\/gtl-landschaftsarchitektur.de\/#organization","name":"Gtl Landschaftsarchitektur","url":"https:\/\/gtl-landschaftsarchitektur.de\/","logo":{"@type":"ImageObject","inLanguage":"en-US","@id":"https:\/\/gtl-landschaftsarchitektur.de\/#\/schema\/logo\/image\/","url":"https:\/\/gtl-landschaftsarchitektur.de\/wp-content\/uploads\/2017\/09\/logo-gtl.png","contentUrl":"https:\/\/gtl-landschaftsarchitektur.de\/wp-content\/uploads\/2017\/09\/logo-gtl.png","width":185,"height":119,"caption":"Gtl Landschaftsarchitektur"},"image":{"@id":"https:\/\/gtl-landschaftsarchitektur.de\/#\/schema\/logo\/image\/"}}]}},"_links":{"self":[{"href":"https:\/\/gtl-landschaftsarchitektur.de\/en\/wp-json\/wp\/v2\/pages\/820","targetHints":{"allow":["GET"]}}],"collection":[{"href":"https:\/\/gtl-landschaftsarchitektur.de\/en\/wp-json\/wp\/v2\/pages"}],"about":[{"href":"https:\/\/gtl-landschaftsarchitektur.de\/en\/wp-json\/wp\/v2\/types\/page"}],"author":[{"embeddable":true,"href":"https:\/\/gtl-landschaftsarchitektur.de\/en\/wp-json\/wp\/v2\/users\/1"}],"replies":[{"embeddable":true,"href":"https:\/\/gtl-landschaftsarchitektur.de\/en\/wp-json\/wp\/v2\/comments?post=820"}],"version-history":[{"count":6,"href":"https:\/\/gtl-landschaftsarchitektur.de\/en\/wp-json\/wp\/v2\/pages\/820\/revisions"}],"predecessor-version":[{"id":14088,"href":"https:\/\/gtl-landschaftsarchitektur.de\/en\/wp-json\/wp\/v2\/pages\/820\/revisions\/14088"}],"wp:attachment":[{"href":"https:\/\/gtl-landschaftsarchitektur.de\/en\/wp-json\/wp\/v2\/media?parent=820"}],"curies":[{"name":"wp","href":"https:\/\/api.w.org\/{rel}","templated":true}]}}