{"id":37,"date":"2017-09-05T17:46:18","date_gmt":"2017-09-05T15:46:18","guid":{"rendered":"http:\/\/gtl-landschaftsarchitektur.de\/2018\/?page_id=37"},"modified":"2021-12-02T16:01:34","modified_gmt":"2021-12-02T15:01:34","slug":"projects-2","status":"publish","type":"page","link":"https:\/\/gtl-landschaftsarchitektur.de\/en\/projects-2\/","title":{"rendered":"projects"},"content":{"rendered":"<div class=\"wpb-content-wrapper\"><p>[vc_row row_height_percent=&#8221;0&#8243; override_padding=&#8221;yes&#8221; h_padding=&#8221;0&#8243; top_padding=&#8221;0&#8243; bottom_padding=&#8221;3&#8243; overlay_alpha=&#8221;50&#8243; gutter_size=&#8221;3&#8243; column_width_percent=&#8221;100&#8243; shift_y=&#8221;0&#8243; z_index=&#8221;0&#8243;][vc_column column_width_percent=&#8221;100&#8243; gutter_size=&#8221;3&#8243; overlay_alpha=&#8221;50&#8243; shift_x=&#8221;0&#8243; shift_y=&#8221;0&#8243; shift_y_down=&#8221;0&#8243; z_index=&#8221;0&#8243; medium_width=&#8221;0&#8243; mobile_width=&#8221;0&#8243; css_animation=&#8221;bottom-t-top&#8221; animation_speed=&#8221;600&#8243; animation_delay=&#8221;100&#8243; width=&#8221;1\/1&#8243;][uncode_index el_id=&#8221;index-927295&#8243; isotope_mode=&#8221;packery&#8221; loop=&#8221;size:All|order_by:date|order:DESC|post_type:portfolio|taxonomy_count:10&#8243; filtering=&#8221;yes&#8221; filtering_full_width=&#8221;yes&#8221; filtering_position=&#8221;right&#8221; filter_sticky=&#8221;yes&#8221; filter_all_opposite=&#8221;yes&#8221; infinite=&#8221;yes&#8221; footer_full_width=&#8221;yes&#8221; gutter_size=&#8221;5&#8243; portfolio_items=&#8221;media|featured|onpost|original,title,category&#8221; screen_lg=&#8221;600&#8243; screen_md=&#8221;600&#8243; screen_sm=&#8221;480&#8243; single_width=&#8221;5&#8243; single_overlay_color=&#8221;color-dfgh&#8221; single_overlay_opacity=&#8221;21&#8243; single_image_anim=&#8221;no&#8221; single_padding=&#8221;1&#8243; single_text_reduced=&#8221;yes&#8221; single_border=&#8221;yes&#8221; single_css_animation=&#8221;bottom-t-top&#8221; single_animation_speed=&#8221;800&#8243; single_animation_delay=&#8221;200&#8243; custom_order=&#8221;yes&#8221; no_double_tap=&#8221;yes&#8221; items=&#8221;eyIxMjNfaSI6eyJzaW5nbGVfd2lkdGgiOiI2In0sIjIxNV9pIjp7InNpbmdsZV93aWR0aCI6IjYifSwiMTc4X2kiOnsic2luZ2xlX3dpZHRoIjoiNSJ9LCIyNDdfaSI6eyJzaW5nbGVfd2lkdGgiOiI3IiwiaW1hZ2VzX3NpemUiOiJmb3VyLXRocmVlIn0sIjI4OV9pIjp7InNpbmdsZV93aWR0aCI6IjUifSwiMjc3X2kiOnsic2luZ2xlX3dpZHRoIjoiNSJ9LCIxMTA3X2kiOnsic2luZ2xlX3dpZHRoIjoiNyJ9LCIxMDkyX2kiOnsic2luZ2xlX3dpZHRoIjoiNCJ9LCIxMTY3X2kiOnsic2luZ2xlX3dpZHRoIjoiNCJ9LCIxMjIyX2kiOnsic2luZ2xlX3dpZHRoIjoiNiJ9LCIxMjczX2kiOnsic2luZ2xlX3dpZHRoIjoiNyJ9LCIxMzAxX2kiOnsic2luZ2xlX3dpZHRoIjoiNCJ9LCIxMzE3X2kiOnsic2luZ2xlX3dpZHRoIjoiNCJ9LCIxODk1X2kiOnsic2luZ2xlX3dpZHRoIjoiNyJ9LCIxMTQzX2kiOnsic2luZ2xlX3dpZHRoIjoiNCJ9LCIxMjU4X2kiOnsic2luZ2xlX3dpZHRoIjoiNCJ9LCIxMTI3X2kiOnsic2luZ2xlX3dpZHRoIjoiNCJ9LCIyMjc1X2kiOnsic2luZ2xlX3dpZHRoIjoiNSJ9LCIyMjE1X2kiOnsic2luZ2xlX3dpZHRoIjoiNiJ9LCIxOTc0X2kiOnsic2luZ2xlX3dpZHRoIjoiNSJ9LCIxOTM4X2kiOnsic2luZ2xlX3dpZHRoIjoiNCJ9LCIyMjU2X2kiOnsic2luZ2xlX3dpZHRoIjoiNCJ9LCIyNjM1X2kiOnsic2luZ2xlX3dpZHRoIjoiNiJ9LCIyNzUyX2kiOnsic2luZ2xlX3dpZHRoIjoiNSJ9LCIyNjQ2X2kiOnsic2luZ2xlX3dpZHRoIjoiNyJ9LCIyNjY2X2kiOnsic2luZ2xlX3dpZHRoIjoiNCJ9LCIyNzg2X2kiOnsic2luZ2xlX3dpZHRoIjoiNCJ9LCIyNTM1X2kiOnsic2luZ2xlX3dpZHRoIjoiNiJ9LCIyNzAyX2kiOnsic2luZ2xlX3dpZHRoIjoiNiJ9LCIyNzY4X2kiOnsic2luZ2xlX3dpZHRoIjoiNCJ9LCIyOTMzX2kiOnsic2luZ2xlX3dpZHRoIjoiNiJ9LCIyODY3X2kiOnsic2luZ2xlX3dpZHRoIjoiNiJ9LCIyOTI4X2kiOnsic2luZ2xlX3dpZHRoIjoiNiJ9LCIyOTA0X2kiOnsic2luZ2xlX3dpZHRoIjoiNiJ9LCIyOTM3X2kiOnsic2luZ2xlX3dpZHRoIjoiNiJ9LCIzMDEzX2kiOnsic2luZ2xlX3dpZHRoIjoiNiJ9LCIzMDA3X2kiOnsic2luZ2xlX3dpZHRoIjoiNiJ9LCIyOTg0X2kiOnsic2luZ2xlX3dpZHRoIjoiNiJ9LCIyOTQ2X2kiOnsic2luZ2xlX3dpZHRoIjoiNiJ9LCIyOTEyX2kiOnsic2luZ2xlX3dpZHRoIjoiNiJ9LCI4OTkwX2kiOnsic2luZ2xlX3dpZHRoIjoiNiJ9LCI4OTUxX2kiOnsic2luZ2xlX3dpZHRoIjoiNSJ9LCI4MzgwX2kiOnsic2luZ2xlX3dpZHRoIjoiNiJ9LCI2NjY5X2kiOnsic2luZ2xlX3dpZHRoIjoiNCJ9LCI3MTg2X2kiOnsic2luZ2xlX3dpZHRoIjoiNiJ9LCI2MzM5X2kiOnsic2luZ2xlX3dpZHRoIjoiNiJ9LCIyOTk3X2kiOnsic2luZ2xlX3dpZHRoIjoiNCJ9LCIyOTc5X2kiOnsic2luZ2xlX3dpZHRoIjoiNCJ9LCIyOTQwX2kiOnsic2luZ2xlX3dpZHRoIjoiNiJ9LCIyOTE1X2kiOnsic2luZ2xlX3dpZHRoIjoiNiJ9LCI2NjAzX2kiOnsic2luZ2xlX3dpZHRoIjoiNSJ9LCI3OTQ0X2kiOnsic2luZ2xlX3dpZHRoIjoiNiJ9fQ==&#8221; order_ids=&#8221;247,2550,2572,123,289,215,1092,1107,1143,1167,1127,1258,1273,2614,1222,2719,1301,2786,2646,2215,2702,1317,1895,2752,2635,2256,2275,1974,1938,2535,178,2768,2666,2685&#8243;][\/vc_column][\/vc_row]<\/p>\n<\/div>","protected":false},"excerpt":{"rendered":"<p>[vc_row row_height_percent=&#8221;0&#8243; override_padding=&#8221;yes&#8221; h_padding=&#8221;0&#8243; top_padding=&#8221;0&#8243; bottom_padding=&#8221;3&#8243; overlay_alpha=&#8221;50&#8243; gutter_size=&#8221;3&#8243; column_width_percent=&#8221;100&#8243; shift_y=&#8221;0&#8243; z_index=&#8221;0&#8243;][vc_column column_width_percent=&#8221;100&#8243; gutter_size=&#8221;3&#8243; overlay_alpha=&#8221;50&#8243; shift_x=&#8221;0&#8243; shift_y=&#8221;0&#8243; shift_y_down=&#8221;0&#8243; z_index=&#8221;0&#8243; medium_width=&#8221;0&#8243; mobile_width=&#8221;0&#8243; [&hellip;]<\/p>\n","protected":false},"author":1,"featured_media":0,"parent":0,"menu_order":0,"comment_status":"closed","ping_status":"closed","template":"","meta":{"footnotes":""},"class_list":["post-37","page","type-page","status-publish","hentry"],"yoast_head":"<!-- This site is optimized with the Yoast SEO plugin v27.3 - https:\/\/yoast.com\/product\/yoast-seo-wordpress\/ -->\n<title>projects - GTL Landschaftsarchitektur Triebswetter, Mauer, Bruns Partner mbB<\/title>\n<meta name=\"robots\" content=\"index, follow, max-snippet:-1, max-image-preview:large, max-video-preview:-1\" \/>\n<link rel=\"canonical\" href=\"https:\/\/gtl-landschaftsarchitektur.de\/en\/projects-2\/\" \/>\n<meta property=\"og:locale\" content=\"en_US\" \/>\n<meta property=\"og:type\" content=\"article\" \/>\n<meta property=\"og:title\" content=\"projects - GTL Landschaftsarchitektur Triebswetter, Mauer, Bruns Partner mbB\" \/>\n<meta property=\"og:description\" content=\"[vc_row row_height_percent=&#8221;0&#8243; override_padding=&#8221;yes&#8221; h_padding=&#8221;0&#8243; top_padding=&#8221;0&#8243; bottom_padding=&#8221;3&#8243; overlay_alpha=&#8221;50&#8243; gutter_size=&#8221;3&#8243; column_width_percent=&#8221;100&#8243; shift_y=&#8221;0&#8243; z_index=&#8221;0&#8243;][vc_column column_width_percent=&#8221;100&#8243; gutter_size=&#8221;3&#8243; overlay_alpha=&#8221;50&#8243; shift_x=&#8221;0&#8243; shift_y=&#8221;0&#8243; shift_y_down=&#8221;0&#8243; z_index=&#8221;0&#8243; medium_width=&#8221;0&#8243; mobile_width=&#8221;0&#8243; [&hellip;]\" \/>\n<meta property=\"og:url\" content=\"https:\/\/gtl-landschaftsarchitektur.de\/en\/projects-2\/\" \/>\n<meta property=\"og:site_name\" content=\"GTL Landschaftsarchitektur Triebswetter, Mauer, Bruns Partner mbB\" \/>\n<meta property=\"article:modified_time\" content=\"2021-12-02T15:01:34+00:00\" \/>\n<meta name=\"twitter:card\" content=\"summary_large_image\" \/>\n<meta name=\"twitter:label1\" content=\"Est. reading time\" \/>\n\t<meta name=\"twitter:data1\" content=\"2 minutes\" \/>\n<script type=\"application\/ld+json\" class=\"yoast-schema-graph\">{\"@context\":\"https:\\\/\\\/schema.org\",\"@graph\":[{\"@type\":\"WebPage\",\"@id\":\"https:\\\/\\\/gtl-landschaftsarchitektur.de\\\/en\\\/projects-2\\\/\",\"url\":\"https:\\\/\\\/gtl-landschaftsarchitektur.de\\\/en\\\/projects-2\\\/\",\"name\":\"projects - GTL Landschaftsarchitektur Triebswetter, Mauer, Bruns Partner mbB\",\"isPartOf\":{\"@id\":\"https:\\\/\\\/gtl-landschaftsarchitektur.de\\\/#website\"},\"datePublished\":\"2017-09-05T15:46:18+00:00\",\"dateModified\":\"2021-12-02T15:01:34+00:00\",\"breadcrumb\":{\"@id\":\"https:\\\/\\\/gtl-landschaftsarchitektur.de\\\/en\\\/projects-2\\\/#breadcrumb\"},\"inLanguage\":\"en-US\",\"potentialAction\":[{\"@type\":\"ReadAction\",\"target\":[\"https:\\\/\\\/gtl-landschaftsarchitektur.de\\\/en\\\/projects-2\\\/\"]}]},{\"@type\":\"BreadcrumbList\",\"@id\":\"https:\\\/\\\/gtl-landschaftsarchitektur.de\\\/en\\\/projects-2\\\/#breadcrumb\",\"itemListElement\":[{\"@type\":\"ListItem\",\"position\":1,\"name\":\"Startseite\",\"item\":\"https:\\\/\\\/gtl-landschaftsarchitektur.de\\\/en\\\/\"},{\"@type\":\"ListItem\",\"position\":2,\"name\":\"projects\"}]},{\"@type\":\"WebSite\",\"@id\":\"https:\\\/\\\/gtl-landschaftsarchitektur.de\\\/#website\",\"url\":\"https:\\\/\\\/gtl-landschaftsarchitektur.de\\\/\",\"name\":\"GTL-Michael Triebswetter\",\"description\":\"St\u00e4dtebauliche Planung, repr\u00e4sentative Au\u00dfenanlagen an Verwaltungsbauten, Wohnumfeldverbesserung in Gro\u00dfsiedlungen, Gestaltung von innerst\u00e4dtischen Projekten\",\"publisher\":{\"@id\":\"https:\\\/\\\/gtl-landschaftsarchitektur.de\\\/#organization\"},\"potentialAction\":[{\"@type\":\"SearchAction\",\"target\":{\"@type\":\"EntryPoint\",\"urlTemplate\":\"https:\\\/\\\/gtl-landschaftsarchitektur.de\\\/?s={search_term_string}\"},\"query-input\":{\"@type\":\"PropertyValueSpecification\",\"valueRequired\":true,\"valueName\":\"search_term_string\"}}],\"inLanguage\":\"en-US\"},{\"@type\":\"Organization\",\"@id\":\"https:\\\/\\\/gtl-landschaftsarchitektur.de\\\/#organization\",\"name\":\"Gtl Landschaftsarchitektur\",\"url\":\"https:\\\/\\\/gtl-landschaftsarchitektur.de\\\/\",\"logo\":{\"@type\":\"ImageObject\",\"inLanguage\":\"en-US\",\"@id\":\"https:\\\/\\\/gtl-landschaftsarchitektur.de\\\/#\\\/schema\\\/logo\\\/image\\\/\",\"url\":\"https:\\\/\\\/gtl-landschaftsarchitektur.de\\\/wp-content\\\/uploads\\\/2017\\\/09\\\/logo-gtl.png\",\"contentUrl\":\"https:\\\/\\\/gtl-landschaftsarchitektur.de\\\/wp-content\\\/uploads\\\/2017\\\/09\\\/logo-gtl.png\",\"width\":185,\"height\":119,\"caption\":\"Gtl Landschaftsarchitektur\"},\"image\":{\"@id\":\"https:\\\/\\\/gtl-landschaftsarchitektur.de\\\/#\\\/schema\\\/logo\\\/image\\\/\"}}]}<\/script>\n<!-- \/ Yoast SEO plugin. -->","yoast_head_json":{"title":"projects - GTL Landschaftsarchitektur Triebswetter, Mauer, Bruns Partner mbB","robots":{"index":"index","follow":"follow","max-snippet":"max-snippet:-1","max-image-preview":"max-image-preview:large","max-video-preview":"max-video-preview:-1"},"canonical":"https:\/\/gtl-landschaftsarchitektur.de\/en\/projects-2\/","og_locale":"en_US","og_type":"article","og_title":"projects - GTL Landschaftsarchitektur Triebswetter, Mauer, Bruns Partner mbB","og_description":"[vc_row row_height_percent=&#8221;0&#8243; override_padding=&#8221;yes&#8221; h_padding=&#8221;0&#8243; top_padding=&#8221;0&#8243; bottom_padding=&#8221;3&#8243; overlay_alpha=&#8221;50&#8243; gutter_size=&#8221;3&#8243; column_width_percent=&#8221;100&#8243; shift_y=&#8221;0&#8243; z_index=&#8221;0&#8243;][vc_column column_width_percent=&#8221;100&#8243; gutter_size=&#8221;3&#8243; overlay_alpha=&#8221;50&#8243; shift_x=&#8221;0&#8243; shift_y=&#8221;0&#8243; shift_y_down=&#8221;0&#8243; z_index=&#8221;0&#8243; medium_width=&#8221;0&#8243; mobile_width=&#8221;0&#8243; [&hellip;]","og_url":"https:\/\/gtl-landschaftsarchitektur.de\/en\/projects-2\/","og_site_name":"GTL Landschaftsarchitektur Triebswetter, Mauer, Bruns Partner mbB","article_modified_time":"2021-12-02T15:01:34+00:00","twitter_card":"summary_large_image","twitter_misc":{"Est. reading time":"2 minutes"},"schema":{"@context":"https:\/\/schema.org","@graph":[{"@type":"WebPage","@id":"https:\/\/gtl-landschaftsarchitektur.de\/en\/projects-2\/","url":"https:\/\/gtl-landschaftsarchitektur.de\/en\/projects-2\/","name":"projects - GTL Landschaftsarchitektur Triebswetter, Mauer, Bruns Partner mbB","isPartOf":{"@id":"https:\/\/gtl-landschaftsarchitektur.de\/#website"},"datePublished":"2017-09-05T15:46:18+00:00","dateModified":"2021-12-02T15:01:34+00:00","breadcrumb":{"@id":"https:\/\/gtl-landschaftsarchitektur.de\/en\/projects-2\/#breadcrumb"},"inLanguage":"en-US","potentialAction":[{"@type":"ReadAction","target":["https:\/\/gtl-landschaftsarchitektur.de\/en\/projects-2\/"]}]},{"@type":"BreadcrumbList","@id":"https:\/\/gtl-landschaftsarchitektur.de\/en\/projects-2\/#breadcrumb","itemListElement":[{"@type":"ListItem","position":1,"name":"Startseite","item":"https:\/\/gtl-landschaftsarchitektur.de\/en\/"},{"@type":"ListItem","position":2,"name":"projects"}]},{"@type":"WebSite","@id":"https:\/\/gtl-landschaftsarchitektur.de\/#website","url":"https:\/\/gtl-landschaftsarchitektur.de\/","name":"GTL-Michael Triebswetter","description":"St\u00e4dtebauliche Planung, repr\u00e4sentative Au\u00dfenanlagen an Verwaltungsbauten, Wohnumfeldverbesserung in Gro\u00dfsiedlungen, Gestaltung von innerst\u00e4dtischen Projekten","publisher":{"@id":"https:\/\/gtl-landschaftsarchitektur.de\/#organization"},"potentialAction":[{"@type":"SearchAction","target":{"@type":"EntryPoint","urlTemplate":"https:\/\/gtl-landschaftsarchitektur.de\/?s={search_term_string}"},"query-input":{"@type":"PropertyValueSpecification","valueRequired":true,"valueName":"search_term_string"}}],"inLanguage":"en-US"},{"@type":"Organization","@id":"https:\/\/gtl-landschaftsarchitektur.de\/#organization","name":"Gtl Landschaftsarchitektur","url":"https:\/\/gtl-landschaftsarchitektur.de\/","logo":{"@type":"ImageObject","inLanguage":"en-US","@id":"https:\/\/gtl-landschaftsarchitektur.de\/#\/schema\/logo\/image\/","url":"https:\/\/gtl-landschaftsarchitektur.de\/wp-content\/uploads\/2017\/09\/logo-gtl.png","contentUrl":"https:\/\/gtl-landschaftsarchitektur.de\/wp-content\/uploads\/2017\/09\/logo-gtl.png","width":185,"height":119,"caption":"Gtl Landschaftsarchitektur"},"image":{"@id":"https:\/\/gtl-landschaftsarchitektur.de\/#\/schema\/logo\/image\/"}}]}},"_links":{"self":[{"href":"https:\/\/gtl-landschaftsarchitektur.de\/en\/wp-json\/wp\/v2\/pages\/37","targetHints":{"allow":["GET"]}}],"collection":[{"href":"https:\/\/gtl-landschaftsarchitektur.de\/en\/wp-json\/wp\/v2\/pages"}],"about":[{"href":"https:\/\/gtl-landschaftsarchitektur.de\/en\/wp-json\/wp\/v2\/types\/page"}],"author":[{"embeddable":true,"href":"https:\/\/gtl-landschaftsarchitektur.de\/en\/wp-json\/wp\/v2\/users\/1"}],"replies":[{"embeddable":true,"href":"https:\/\/gtl-landschaftsarchitektur.de\/en\/wp-json\/wp\/v2\/comments?post=37"}],"version-history":[{"count":0,"href":"https:\/\/gtl-landschaftsarchitektur.de\/en\/wp-json\/wp\/v2\/pages\/37\/revisions"}],"wp:attachment":[{"href":"https:\/\/gtl-landschaftsarchitektur.de\/en\/wp-json\/wp\/v2\/media?parent=37"}],"curies":[{"name":"wp","href":"https:\/\/api.w.org\/{rel}","templated":true}]}}